{"id":1035,"date":"2015-06-15T10:22:01","date_gmt":"2015-06-15T08:22:01","guid":{"rendered":"http:\/\/schackslottet.se\/?page_id=1035"},"modified":"2016-08-09T21:30:02","modified_gmt":"2016-08-09T19:30:02","slug":"skol-sm-2014","status":"publish","type":"page","link":"https:\/\/schackslottet.se\/?page_id=1035","title":{"rendered":"Skol-SM 2014"},"content":{"rendered":"<p>[et_pb_section admin_label=&#8221;section&#8221;][et_pb_row admin_label=&#8221;row&#8221;][et_pb_column type=&#8221;3_4&#8243;][et_pb_text admin_label=&#8221;Text Skol-SM 2014&#8243; background_layout=&#8221;light&#8221; text_orientation=&#8221;left&#8221;]<\/p>\n<h2>Skol-SM 2014<\/h2>\n<p>H\u00e4r finner du filmer fr\u00e5n Skol-SM 2014 i V\u00e4xj\u00f6<\/p>\n<p>[\/et_pb_text][et_pb_video_slider admin_label=&#8221;Video Slider&#8221; show_image_overlay=&#8221;hide&#8221; show_arrows=&#8221;on&#8221; show_thumbnails=&#8221;on&#8221; controls_color=&#8221;light&#8221;] [et_pb_video_slider_item admin_title=&#8221;Skol-SM i schack i V\u00e4xj\u00f6 2014 &#8221; src=&#8221;https:\/\/www.youtube.com\/watch?v=EJou5hXMmuo&#8221; image_src=&#8221;https:\/\/i.ytimg.com\/vi\/EJou5hXMmuo\/hqdefault.jpg&#8221; background_layout=&#8221;dark&#8221; \/][et_pb_video_slider_item admin_title=&#8221;Jesper tr\u00e4ffar Magic Markus p\u00e5 Skol-SM och det TROLLAS &#8221; src=&#8221;https:\/\/www.youtube.com\/watch?v=T5BKgJ7PwoM&#8221; image_src=&#8221;https:\/\/i.ytimg.com\/vi\/T5BKgJ7PwoM\/hqdefault.jpg&#8221; background_layout=&#8221;dark&#8221; \/][et_pb_video_slider_item admin_title=&#8221;Skol-SM i schack 2014. Intervju med Alva, 6 \u00e5r, som vill vara med n\u00e4sta \u00e5r! &#8221; src=&#8221;https:\/\/www.youtube.com\/watch?v=nOnod32AUTY&#8221; image_src=&#8221;https:\/\/i.ytimg.com\/vi\/nOnod32AUTY\/hqdefault.jpg&#8221; background_layout=&#8221;dark&#8221; \/] [\/et_pb_video_slider][\/et_pb_column][et_pb_column type=&#8221;1_4&#8243;][et_pb_sidebar admin_label=&#8221;Sidebar&#8221; orientation=&#8221;left&#8221; area=&#8221;sidebar-1&#8243; background_layout=&#8221;light&#8221;] [\/et_pb_sidebar][\/et_pb_column][\/et_pb_row][\/et_pb_section]<\/p>\n","protected":false},"excerpt":{"rendered":"<p>[et_pb_section admin_label=&#8221;section&#8221;][et_pb_row admin_label=&#8221;row&#8221;][et_pb_column type=&#8221;3_4&#8243;][et_pb_text admin_label=&#8221;Text Skol-SM 2014&#8243; background_layout=&#8221;light&#8221; text_orientation=&#8221;left&#8221;] Skol-SM 2014 H\u00e4r finner du filmer fr\u00e5n Skol-SM 2014 i V\u00e4xj\u00f6 [\/et_pb_text][et_pb_video_slider admin_label=&#8221;Video Slider&#8221; show_image_overlay=&#8221;hide&#8221; show_arrows=&#8221;on&#8221; show_thumbnails=&#8221;on&#8221; controls_color=&#8221;light&#8221;] [et_pb_video_slider_item admin_title=&#8221;Skol-SM i schack i V\u00e4xj\u00f6 2014 &#8221; src=&#8221;https:\/\/www.youtube.com\/watch?v=EJou5hXMmuo&#8221; image_src=&#8221;https:\/\/i.ytimg.com\/vi\/EJou5hXMmuo\/hqdefault.jpg&#8221; background_layout=&#8221;dark&#8221; \/][et_pb_video_slider_item admin_title=&#8221;Jesper tr\u00e4ffar Magic Markus p\u00e5 Skol-SM och det TROLLAS &#8221; src=&#8221;https:\/\/www.youtube.com\/watch?v=T5BKgJ7PwoM&#8221; image_src=&#8221;https:\/\/i.ytimg.com\/vi\/T5BKgJ7PwoM\/hqdefault.jpg&#8221; background_layout=&#8221;dark&#8221; \/][et_pb_video_slider_item admin_title=&#8221;Skol-SM i [&hellip;]<\/p>\n","protected":false},"author":2,"featured_media":0,"parent":1025,"menu_order":0,"comment_status":"open","ping_status":"open","template":"","meta":{"footnotes":""},"class_list":["post-1035","page","type-page","status-publish","hentry"],"_links":{"self":[{"href":"https:\/\/schackslottet.se\/index.php?rest_route=\/wp\/v2\/pages\/1035","targetHints":{"allow":["GET"]}}],"collection":[{"href":"https:\/\/schackslottet.se\/index.php?rest_route=\/wp\/v2\/pages"}],"about":[{"href":"https:\/\/schackslottet.se\/index.php?rest_route=\/wp\/v2\/types\/page"}],"author":[{"embeddable":true,"href":"https:\/\/schackslottet.se\/index.php?rest_route=\/wp\/v2\/users\/2"}],"replies":[{"embeddable":true,"href":"https:\/\/schackslottet.se\/index.php?rest_route=%2Fwp%2Fv2%2Fcomments&post=1035"}],"version-history":[{"count":6,"href":"https:\/\/schackslottet.se\/index.php?rest_route=\/wp\/v2\/pages\/1035\/revisions"}],"predecessor-version":[{"id":2257,"href":"https:\/\/schackslottet.se\/index.php?rest_route=\/wp\/v2\/pages\/1035\/revisions\/2257"}],"up":[{"embeddable":true,"href":"https:\/\/schackslottet.se\/index.php?rest_route=\/wp\/v2\/pages\/1025"}],"wp:attachment":[{"href":"https:\/\/schackslottet.se\/index.php?rest_route=%2Fwp%2Fv2%2Fmedia&parent=1035"}],"curies":[{"name":"wp","href":"https:\/\/api.w.org\/{rel}","templated":true}]}}