{"id":1041,"date":"2015-06-15T10:28:26","date_gmt":"2015-06-15T08:28:26","guid":{"rendered":"http:\/\/schackslottet.se\/?page_id=1041"},"modified":"2015-06-15T10:29:51","modified_gmt":"2015-06-15T08:29:51","slug":"schack-sm-2014","status":"publish","type":"page","link":"https:\/\/schackslottet.se\/?page_id=1041","title":{"rendered":"Schack-SM 2014"},"content":{"rendered":"<p>[et_pb_section][et_pb_row][et_pb_column type=&#8221;3_4&#8243;][et_pb_text admin_label=&#8221;Text Schack-SM 2014&#8243; background_layout=&#8221;light&#8221; text_orientation=&#8221;left&#8221;]<\/p>\n<h2>Schack-SM 2014<\/h2>\n<p>H\u00e4r finner du filmer fr\u00e5n Schack-SM i Borl\u00e4nge 2014.<\/p>\n<p>[\/et_pb_text][et_pb_video_slider admin_label=&#8221;Video Slider&#8221; show_image_overlay=&#8221;hide&#8221; show_arrows=&#8221;on&#8221; show_thumbnails=&#8221;on&#8221; controls_color=&#8221;light&#8221;][et_pb_video_slider_item admin_title=&#8221;Intervju med tre deltagare p\u00e5 Schack-SM! Tess, Tuva och Anna! &#8221; src=&#8221;https:\/\/www.youtube.com\/watch?v=ZW2xaibyao0&#8243; image_src=&#8221;https:\/\/i.ytimg.com\/vi\/ZW2xaibyao0\/hqdefault.jpg&#8221; background_layout=&#8221;dark&#8221; \/][et_pb_video_slider_item admin_title=&#8221;Schack-SM 2014 i Borl\u00e4nge, deltagarpotpurri &#8221; src=&#8221;https:\/\/www.youtube.com\/watch?v=04Go1-awCgo&#8221; image_src=&#8221;https:\/\/i.ytimg.com\/vi\/04Go1-awCgo\/hqdefault.jpg&#8221; background_layout=&#8221;dark&#8221; \/][et_pb_video_slider_item admin_title=&#8221;Angelina och Vitus ber\u00e4ttar om SM-l\u00e4gret i Borl\u00e4nge &#8221; src=&#8221;https:\/\/www.youtube.com\/watch?v=FYTfws9bycA&#8221; image_src=&#8221;https:\/\/i.ytimg.com\/vi\/FYTfws9bycA\/hqdefault.jpg&#8221; background_layout=&#8221;dark&#8221; \/][\/et_pb_video_slider][\/et_pb_column][et_pb_column type=&#8221;1_4&#8243;][et_pb_sidebar admin_label=&#8221;Sidebar&#8221; orientation=&#8221;left&#8221; area=&#8221;sidebar-1&#8243; background_layout=&#8221;light&#8221; \/][\/et_pb_column][\/et_pb_row][\/et_pb_section]<\/p>\n","protected":false},"excerpt":{"rendered":"<p>[et_pb_section][et_pb_row][et_pb_column type=&#8221;3_4&#8243;][et_pb_text admin_label=&#8221;Text Schack-SM 2014&#8243; background_layout=&#8221;light&#8221; text_orientation=&#8221;left&#8221;] Schack-SM 2014 H\u00e4r finner du filmer fr\u00e5n Schack-SM i Borl\u00e4nge 2014. [\/et_pb_text][et_pb_video_slider admin_label=&#8221;Video Slider&#8221; show_image_overlay=&#8221;hide&#8221; show_arrows=&#8221;on&#8221; show_thumbnails=&#8221;on&#8221; controls_color=&#8221;light&#8221;][et_pb_video_slider_item admin_title=&#8221;Intervju med tre deltagare p\u00e5 Schack-SM! Tess, Tuva och Anna! &#8221; src=&#8221;https:\/\/www.youtube.com\/watch?v=ZW2xaibyao0&#8243; image_src=&#8221;https:\/\/i.ytimg.com\/vi\/ZW2xaibyao0\/hqdefault.jpg&#8221; background_layout=&#8221;dark&#8221; \/][et_pb_video_slider_item admin_title=&#8221;Schack-SM 2014 i Borl\u00e4nge, deltagarpotpurri &#8221; src=&#8221;https:\/\/www.youtube.com\/watch?v=04Go1-awCgo&#8221; image_src=&#8221;https:\/\/i.ytimg.com\/vi\/04Go1-awCgo\/hqdefault.jpg&#8221; background_layout=&#8221;dark&#8221; \/][et_pb_video_slider_item admin_title=&#8221;Angelina och Vitus ber\u00e4ttar om [&hellip;]<\/p>\n","protected":false},"author":2,"featured_media":0,"parent":1025,"menu_order":0,"comment_status":"open","ping_status":"open","template":"","meta":{"footnotes":""},"class_list":["post-1041","page","type-page","status-publish","hentry"],"_links":{"self":[{"href":"https:\/\/schackslottet.se\/index.php?rest_route=\/wp\/v2\/pages\/1041","targetHints":{"allow":["GET"]}}],"collection":[{"href":"https:\/\/schackslottet.se\/index.php?rest_route=\/wp\/v2\/pages"}],"about":[{"href":"https:\/\/schackslottet.se\/index.php?rest_route=\/wp\/v2\/types\/page"}],"author":[{"embeddable":true,"href":"https:\/\/schackslottet.se\/index.php?rest_route=\/wp\/v2\/users\/2"}],"replies":[{"embeddable":true,"href":"https:\/\/schackslottet.se\/index.php?rest_route=%2Fwp%2Fv2%2Fcomments&post=1041"}],"version-history":[{"count":3,"href":"https:\/\/schackslottet.se\/index.php?rest_route=\/wp\/v2\/pages\/1041\/revisions"}],"predecessor-version":[{"id":1044,"href":"https:\/\/schackslottet.se\/index.php?rest_route=\/wp\/v2\/pages\/1041\/revisions\/1044"}],"up":[{"embeddable":true,"href":"https:\/\/schackslottet.se\/index.php?rest_route=\/wp\/v2\/pages\/1025"}],"wp:attachment":[{"href":"https:\/\/schackslottet.se\/index.php?rest_route=%2Fwp%2Fv2%2Fmedia&parent=1041"}],"curies":[{"name":"wp","href":"https:\/\/api.w.org\/{rel}","templated":true}]}}