{"id":1045,"date":"2015-06-15T10:30:27","date_gmt":"2015-06-15T08:30:27","guid":{"rendered":"http:\/\/schackslottet.se\/?page_id=1045"},"modified":"2015-06-15T10:33:07","modified_gmt":"2015-06-15T08:33:07","slug":"schack4ans-riksfinal-2014","status":"publish","type":"page","link":"https:\/\/schackslottet.se\/?page_id=1045","title":{"rendered":"Schack4ans riksfinal 2014"},"content":{"rendered":"<p>[et_pb_section][et_pb_row][et_pb_column type=&#8221;3_4&#8243;][et_pb_text admin_label=&#8221;Text&#8221;]<\/p>\n<h2>Schack4ans riksfinal 2014<\/h2>\n<p>H\u00e4r finner du filmen om Schack4an 2014, samt flera korta filmer med Elin som intervjuar olika personer p\u00e5 plats.<\/p>\n<p>[\/et_pb_text][et_pb_video_slider admin_label=&#8221;Video Slider&#8221; show_image_overlay=&#8221;hide&#8221; show_arrows=&#8221;on&#8221; show_thumbnails=&#8221;on&#8221; controls_color=&#8221;light&#8221;][et_pb_video_slider_item admin_title=&#8221;Schackfyran 2014&#8243; src=&#8221;https:\/\/www.youtube.com\/watch?v=_Fw3bfhkveU&#8221; image_src=&#8221;https:\/\/i.ytimg.com\/vi\/_Fw3bfhkveU\/hqdefault.jpg&#8221; background_layout=&#8221;dark&#8221; \/][et_pb_video_slider_item admin_title=&#8221;Vinnarna Riksfinalen Schackfyran 2014 Tormestorp&#8221; src=&#8221;https:\/\/www.youtube.com\/watch?v=PGE3_2Pgpms&#8221; image_src=&#8221;https:\/\/i.ytimg.com\/vi\/PGE3_2Pgpms\/hqdefault.jpg&#8221; background_layout=&#8221;dark&#8221; \/][et_pb_video_slider_item admin_title=&#8221;Schackfyrans Riksfinal 2014, intro med Elin&#8221; src=&#8221;https:\/\/www.youtube.com\/watch?v=keYmzx9WjF0&#8243; image_src=&#8221;https:\/\/i.ytimg.com\/vi\/keYmzx9WjF0\/hqdefault.jpg&#8221; background_layout=&#8221;dark&#8221; \/][et_pb_video_slider_item admin_title=&#8221;Schackfyran 2014 Elin intervjuar Kent V\u00e4nman&#8221; src=&#8221;https:\/\/www.youtube.com\/watch?v=Q_oREYsOzBY&#8221; image_src=&#8221;https:\/\/i.ytimg.com\/vi\/Q_oREYsOzBY\/hqdefault.jpg&#8221; background_layout=&#8221;dark&#8221; \/][et_pb_video_slider_item admin_title=&#8221;Schackfyran 2014 Elin intervjuar Mariam Khalif&#8221; src=&#8221;https:\/\/www.youtube.com\/watch?v=GP49fKsQNNY&#8221; image_src=&#8221;https:\/\/i.ytimg.com\/vi\/GP49fKsQNNY\/hqdefault.jpg&#8221; background_layout=&#8221;dark&#8221; \/][et_pb_video_slider_item admin_title=&#8221;Schackfyran 2014 Elin intervjuar Filip Sj\u00f6din&#8221; src=&#8221;https:\/\/www.youtube.com\/watch?v=Ih9FkVkh3Ro&#8221; image_src=&#8221;https:\/\/i.ytimg.com\/vi\/Ih9FkVkh3Ro\/hqdefault.jpg&#8221; background_layout=&#8221;dark&#8221; \/][et_pb_video_slider_item admin_title=&#8221;Schackfyran 2014 Elin tr\u00e4ffar tv\u00e5 tjejer som t\u00e4vlar&#8221; src=&#8221;https:\/\/www.youtube.com\/watch?v=9-oweMO7NZ0&#8243; image_src=&#8221;https:\/\/i.ytimg.com\/vi\/9-oweMO7NZ0\/hqdefault.jpg&#8221; background_layout=&#8221;dark&#8221; \/][et_pb_video_slider_item admin_title=&#8221;Schackfyran 2014. Elin tr\u00e4ffar Fredrik Emmoth&#8221; src=&#8221;https:\/\/www.youtube.com\/watch?v=yGrPSc0FCrk&#8221; image_src=&#8221;https:\/\/i.ytimg.com\/vi\/yGrPSc0FCrk\/hqdefault.jpg&#8221; background_layout=&#8221;dark&#8221; \/][et_pb_video_slider_item admin_title=&#8221;Schackfyran 2014 i V\u00e4ster\u00e5s Elin tr\u00e4ffar Kommunstyrelsens ordf\u00f6rande Ulla Persson&#8221; src=&#8221;https:\/\/www.youtube.com\/watch?v=kjLcDil2QGY&#8221; image_src=&#8221;https:\/\/i.ytimg.com\/vi\/kjLcDil2QGY\/hqdefault.jpg&#8221; background_layout=&#8221;dark&#8221; \/][et_pb_video_slider_item admin_title=&#8221;Schackfyran 2014 Elin tr\u00e4ffar en av de entusiastiska l\u00e4rarna som jobbar med schack&#8221; src=&#8221;https:\/\/www.youtube.com\/watch?v=nATFVwwxi40&#8243; image_src=&#8221;https:\/\/i.ytimg.com\/vi\/nATFVwwxi40\/hqdefault.jpg&#8221; background_layout=&#8221;dark&#8221; \/][\/et_pb_video_slider][\/et_pb_column][et_pb_column type=&#8221;1_4&#8243;][et_pb_sidebar admin_label=&#8221;Sidebar&#8221; orientation=&#8221;left&#8221; area=&#8221;sidebar-1&#8243; background_layout=&#8221;light&#8221; \/][\/et_pb_column][\/et_pb_row][\/et_pb_section]<\/p>\n","protected":false},"excerpt":{"rendered":"<p>[et_pb_section][et_pb_row][et_pb_column type=&#8221;3_4&#8243;][et_pb_text admin_label=&#8221;Text&#8221;] Schack4ans riksfinal 2014 H\u00e4r finner du filmen om Schack4an 2014, samt flera korta filmer med Elin som intervjuar olika personer p\u00e5 plats. [\/et_pb_text][et_pb_video_slider admin_label=&#8221;Video Slider&#8221; show_image_overlay=&#8221;hide&#8221; show_arrows=&#8221;on&#8221; show_thumbnails=&#8221;on&#8221; controls_color=&#8221;light&#8221;][et_pb_video_slider_item admin_title=&#8221;Schackfyran 2014&#8243; src=&#8221;https:\/\/www.youtube.com\/watch?v=_Fw3bfhkveU&#8221; image_src=&#8221;https:\/\/i.ytimg.com\/vi\/_Fw3bfhkveU\/hqdefault.jpg&#8221; background_layout=&#8221;dark&#8221; \/][et_pb_video_slider_item admin_title=&#8221;Vinnarna Riksfinalen Schackfyran 2014 Tormestorp&#8221; src=&#8221;https:\/\/www.youtube.com\/watch?v=PGE3_2Pgpms&#8221; image_src=&#8221;https:\/\/i.ytimg.com\/vi\/PGE3_2Pgpms\/hqdefault.jpg&#8221; background_layout=&#8221;dark&#8221; \/][et_pb_video_slider_item admin_title=&#8221;Schackfyrans Riksfinal 2014, intro med Elin&#8221; src=&#8221;https:\/\/www.youtube.com\/watch?v=keYmzx9WjF0&#8243; image_src=&#8221;https:\/\/i.ytimg.com\/vi\/keYmzx9WjF0\/hqdefault.jpg&#8221; [&hellip;]<\/p>\n","protected":false},"author":2,"featured_media":0,"parent":1025,"menu_order":0,"comment_status":"open","ping_status":"open","template":"","meta":{"footnotes":""},"class_list":["post-1045","page","type-page","status-publish","hentry"],"_links":{"self":[{"href":"https:\/\/schackslottet.se\/index.php?rest_route=\/wp\/v2\/pages\/1045","targetHints":{"allow":["GET"]}}],"collection":[{"href":"https:\/\/schackslottet.se\/index.php?rest_route=\/wp\/v2\/pages"}],"about":[{"href":"https:\/\/schackslottet.se\/index.php?rest_route=\/wp\/v2\/types\/page"}],"author":[{"embeddable":true,"href":"https:\/\/schackslottet.se\/index.php?rest_route=\/wp\/v2\/users\/2"}],"replies":[{"embeddable":true,"href":"https:\/\/schackslottet.se\/index.php?rest_route=%2Fwp%2Fv2%2Fcomments&post=1045"}],"version-history":[{"count":3,"href":"https:\/\/schackslottet.se\/index.php?rest_route=\/wp\/v2\/pages\/1045\/revisions"}],"predecessor-version":[{"id":1047,"href":"https:\/\/schackslottet.se\/index.php?rest_route=\/wp\/v2\/pages\/1045\/revisions\/1047"}],"up":[{"embeddable":true,"href":"https:\/\/schackslottet.se\/index.php?rest_route=\/wp\/v2\/pages\/1025"}],"wp:attachment":[{"href":"https:\/\/schackslottet.se\/index.php?rest_route=%2Fwp%2Fv2%2Fmedia&parent=1045"}],"curies":[{"name":"wp","href":"https:\/\/api.w.org\/{rel}","templated":true}]}}