{"id":356,"date":"2015-01-05T16:24:01","date_gmt":"2015-01-05T15:24:01","guid":{"rendered":"http:\/\/schackslottet.schack.se\/?page_id=356"},"modified":"2015-03-19T18:37:49","modified_gmt":"2015-03-19T17:37:49","slug":"356-2","status":"publish","type":"page","link":"https:\/\/schackslottet.se\/?page_id=356","title":{"rendered":"F\u00f6rst \u00f6ver med kungarna"},"content":{"rendered":"<p>[et_pb_section fullwidth=&#8221;on&#8221; specialty=&#8221;off&#8221; transparent_background=&#8221;off&#8221; background_color=&#8221;#a0bc56&#8243; inner_shadow=&#8221;off&#8221; parallax=&#8221;off&#8221; parallax_method=&#8221;off&#8221;][et_pb_fullwidth_header admin_label=&#8221;Fullwidth Header&#8221; title=&#8221;L\u00e4r dig genom att spela&#8221; background_layout=&#8221;dark&#8221; text_orientation=&#8221;left&#8221; subhead=&#8221;N\u00e4stan alla tycker att det roligaste som finns \u00e4r att SPELA schack! Men det \u00e4r sv\u00e5rt att h\u00e5lla reda p\u00e5 alla pj\u00e4ser n\u00e4r man \u00e4r nyb\u00f6rjare. Det \u00e4r d\u00e4rf\u00f6r b\u00e4ttre att tr\u00e4na p\u00e5 en pj\u00e4s i taget! H\u00e4r f\u00e5r du steg f\u00f6r steg l\u00e4ra dig att spela schack genom olika \u201dminigames\u201d.&#8221; \/][\/et_pb_section][et_pb_section fullwidth=&#8221;off&#8221; specialty=&#8221;off&#8221; transparent_background=&#8221;off&#8221; background_color=&#8221;#45721f&#8221; inner_shadow=&#8221;off&#8221; parallax=&#8221;off&#8221; parallax_method=&#8221;off&#8221;][et_pb_row][et_pb_column type=&#8221;1_2&#8243;][et_pb_text admin_label=&#8221;Spel&#8221; background_layout=&#8221;light&#8221; text_orientation=&#8221;left&#8221;]<\/p>\n<p>\n<chessalpha><\/chessalpha><br \/>\n<script src=\"http:\/\/chessalpha.schack.se\/schacknatet\/minispel-2.js\"><\/script>\n<\/p>\n<p>[\/et_pb_text][\/et_pb_column][et_pb_column type=&#8221;1_4&#8243;][et_pb_text admin_label=&#8221;Text&#8221; background_layout=&#8221;dark&#8221; text_orientation=&#8221;left&#8221;]<\/p>\n<h2>F\u00f6rst \u00f6ver med kungarna<\/h2>\n<p>I <em>F\u00f6rst \u00f6ver med kungarna<\/em> kan du vinna p\u00e5 tre s\u00e4tt: antingen kommer du \u00f6ver till andra sidan med en bonde, med din kung, eller s\u00e5 sl\u00e5r du ut motst\u00e5ndarens kung. Kungen kan g\u00e5 en ruta i taget och alla h\u00e5ll. Den g\u00e5r och sl\u00e5r p\u00e5 samma s\u00e4tt. Lycka till![\/et_pb_text][\/et_pb_column][et_pb_column type=&#8221;1_4&#8243;][et_pb_sidebar admin_label=&#8221;Sidebar&#8221; orientation=&#8221;right&#8221; area=&#8221;sidebar-1&#8243; background_layout=&#8221;dark&#8221; \/][\/et_pb_column][\/et_pb_row][\/et_pb_section]<\/p>\n","protected":false},"excerpt":{"rendered":"<p>[et_pb_section fullwidth=&#8221;on&#8221; specialty=&#8221;off&#8221; transparent_background=&#8221;off&#8221; background_color=&#8221;#a0bc56&#8243; inner_shadow=&#8221;off&#8221; parallax=&#8221;off&#8221; parallax_method=&#8221;off&#8221;][et_pb_fullwidth_header admin_label=&#8221;Fullwidth Header&#8221; title=&#8221;L\u00e4r dig genom att spela&#8221; background_layout=&#8221;dark&#8221; text_orientation=&#8221;left&#8221; subhead=&#8221;N\u00e4stan alla tycker att det roligaste som finns \u00e4r att SPELA schack! Men det \u00e4r sv\u00e5rt att h\u00e5lla reda p\u00e5 alla pj\u00e4ser n\u00e4r man \u00e4r nyb\u00f6rjare. Det \u00e4r d\u00e4rf\u00f6r b\u00e4ttre att tr\u00e4na p\u00e5 en pj\u00e4s i taget! H\u00e4r [&hellip;]<\/p>\n","protected":false},"author":2,"featured_media":0,"parent":351,"menu_order":3,"comment_status":"open","ping_status":"open","template":"","meta":{"footnotes":""},"class_list":["post-356","page","type-page","status-publish","hentry"],"_links":{"self":[{"href":"https:\/\/schackslottet.se\/index.php?rest_route=\/wp\/v2\/pages\/356","targetHints":{"allow":["GET"]}}],"collection":[{"href":"https:\/\/schackslottet.se\/index.php?rest_route=\/wp\/v2\/pages"}],"about":[{"href":"https:\/\/schackslottet.se\/index.php?rest_route=\/wp\/v2\/types\/page"}],"author":[{"embeddable":true,"href":"https:\/\/schackslottet.se\/index.php?rest_route=\/wp\/v2\/users\/2"}],"replies":[{"embeddable":true,"href":"https:\/\/schackslottet.se\/index.php?rest_route=%2Fwp%2Fv2%2Fcomments&post=356"}],"version-history":[{"count":29,"href":"https:\/\/schackslottet.se\/index.php?rest_route=\/wp\/v2\/pages\/356\/revisions"}],"predecessor-version":[{"id":2314,"href":"https:\/\/schackslottet.se\/index.php?rest_route=\/wp\/v2\/pages\/356\/revisions\/2314"}],"up":[{"embeddable":true,"href":"https:\/\/schackslottet.se\/index.php?rest_route=\/wp\/v2\/pages\/351"}],"wp:attachment":[{"href":"https:\/\/schackslottet.se\/index.php?rest_route=%2Fwp%2Fv2%2Fmedia&parent=356"}],"curies":[{"name":"wp","href":"https:\/\/api.w.org\/{rel}","templated":true}]}}