{"id":360,"date":"2015-01-05T16:26:06","date_gmt":"2015-01-05T15:26:06","guid":{"rendered":"http:\/\/schackslottet.schack.se\/?page_id=360"},"modified":"2015-02-16T18:27:25","modified_gmt":"2015-02-16T17:27:25","slug":"bondeschack","status":"publish","type":"page","link":"https:\/\/schackslottet.se\/?page_id=360","title":{"rendered":"Bondeschack"},"content":{"rendered":"<p>[et_pb_section fullwidth=&#8221;on&#8221; specialty=&#8221;off&#8221; transparent_background=&#8221;off&#8221; background_color=&#8221;#a0bc56&#8243; inner_shadow=&#8221;off&#8221; parallax=&#8221;off&#8221; parallax_method=&#8221;off&#8221;][et_pb_fullwidth_header admin_label=&#8221;Fullwidth Header&#8221; title=&#8221;L\u00e4r dig genom att spela&#8221; background_layout=&#8221;dark&#8221; text_orientation=&#8221;left&#8221; subhead=&#8221;N\u00e4stan alla tycker att det roligaste som finns \u00e4r att SPELA schack! Men det \u00e4r sv\u00e5rt att h\u00e5lla reda p\u00e5 alla pj\u00e4ser n\u00e4r man \u00e4r nyb\u00f6rjare. Det \u00e4r d\u00e4rf\u00f6r b\u00e4ttre att tr\u00e4na p\u00e5 en pj\u00e4s i taget! H\u00e4r f\u00e5r du steg f\u00f6r steg l\u00e4ra dig att spela schack genom olika \u201dminigames\u201d.&#8221; \/][\/et_pb_section][et_pb_section fullwidth=&#8221;off&#8221; specialty=&#8221;off&#8221; transparent_background=&#8221;off&#8221; background_color=&#8221;#45721f&#8221; inner_shadow=&#8221;off&#8221; parallax=&#8221;off&#8221; parallax_method=&#8221;off&#8221;][et_pb_row][et_pb_column type=&#8221;1_2&#8243;][et_pb_text admin_label=&#8221;Spel&#8221; background_layout=&#8221;light&#8221; text_orientation=&#8221;left&#8221;]<\/p>\n<p>\n<chessalpha><\/chessalpha><br \/>\n<script src=\"http:\/\/chessalpha.schack.se\/schacknatet\/minispel-3.js\"><\/script>\n<\/p>\n<p>[\/et_pb_text][\/et_pb_column][et_pb_column type=&#8221;1_4&#8243;][et_pb_text admin_label=&#8221;Text&#8221; background_layout=&#8221;dark&#8221; text_orientation=&#8221;left&#8221;]<\/p>\n<h2>Bondeschack<\/h2>\n<p>I <em>Bondeschack <\/em>vinner man n\u00e4r man sl\u00e5r motst\u00e5ndarens kung. N\u00e4r en bonde n\u00e5r andra sidan av br\u00e4det f\u00f6rvandlas den till ett torn. Ett torn g\u00e5r som ett plustecken, allts\u00e5 rakt, bak\u00e5t, fram\u00e5t eller \u00e5t sidorna, hur l\u00e5ngt det vill.[\/et_pb_text][\/et_pb_column][et_pb_column type=&#8221;1_4&#8243;][et_pb_sidebar admin_label=&#8221;Sidebar&#8221; orientation=&#8221;right&#8221; area=&#8221;sidebar-1&#8243; background_layout=&#8221;dark&#8221; \/][\/et_pb_column][\/et_pb_row][\/et_pb_section]<\/p>\n","protected":false},"excerpt":{"rendered":"<p>[et_pb_section fullwidth=&#8221;on&#8221; specialty=&#8221;off&#8221; transparent_background=&#8221;off&#8221; background_color=&#8221;#a0bc56&#8243; inner_shadow=&#8221;off&#8221; parallax=&#8221;off&#8221; parallax_method=&#8221;off&#8221;][et_pb_fullwidth_header admin_label=&#8221;Fullwidth Header&#8221; title=&#8221;L\u00e4r dig genom att spela&#8221; background_layout=&#8221;dark&#8221; text_orientation=&#8221;left&#8221; subhead=&#8221;N\u00e4stan alla tycker att det roligaste som finns \u00e4r att SPELA schack! Men det \u00e4r sv\u00e5rt att h\u00e5lla reda p\u00e5 alla pj\u00e4ser n\u00e4r man \u00e4r nyb\u00f6rjare. Det \u00e4r d\u00e4rf\u00f6r b\u00e4ttre att tr\u00e4na p\u00e5 en pj\u00e4s i taget! H\u00e4r [&hellip;]<\/p>\n","protected":false},"author":2,"featured_media":0,"parent":351,"menu_order":4,"comment_status":"open","ping_status":"open","template":"","meta":{"footnotes":""},"class_list":["post-360","page","type-page","status-publish","hentry"],"_links":{"self":[{"href":"https:\/\/schackslottet.se\/index.php?rest_route=\/wp\/v2\/pages\/360","targetHints":{"allow":["GET"]}}],"collection":[{"href":"https:\/\/schackslottet.se\/index.php?rest_route=\/wp\/v2\/pages"}],"about":[{"href":"https:\/\/schackslottet.se\/index.php?rest_route=\/wp\/v2\/types\/page"}],"author":[{"embeddable":true,"href":"https:\/\/schackslottet.se\/index.php?rest_route=\/wp\/v2\/users\/2"}],"replies":[{"embeddable":true,"href":"https:\/\/schackslottet.se\/index.php?rest_route=%2Fwp%2Fv2%2Fcomments&post=360"}],"version-history":[{"count":16,"href":"https:\/\/schackslottet.se\/index.php?rest_route=\/wp\/v2\/pages\/360\/revisions"}],"predecessor-version":[{"id":922,"href":"https:\/\/schackslottet.se\/index.php?rest_route=\/wp\/v2\/pages\/360\/revisions\/922"}],"up":[{"embeddable":true,"href":"https:\/\/schackslottet.se\/index.php?rest_route=\/wp\/v2\/pages\/351"}],"wp:attachment":[{"href":"https:\/\/schackslottet.se\/index.php?rest_route=%2Fwp%2Fv2%2Fmedia&parent=360"}],"curies":[{"name":"wp","href":"https:\/\/api.w.org\/{rel}","templated":true}]}}