{"id":362,"date":"2015-01-05T16:26:44","date_gmt":"2015-01-05T15:26:44","guid":{"rendered":"http:\/\/schackslottet.schack.se\/?page_id=362"},"modified":"2015-03-19T18:04:57","modified_gmt":"2015-03-19T17:04:57","slug":"bondeschack-med-lopare-och-springare","status":"publish","type":"page","link":"https:\/\/schackslottet.se\/?page_id=362","title":{"rendered":"Bondeschack med l\u00f6pare och springare"},"content":{"rendered":"<p>[et_pb_section fullwidth=&#8221;on&#8221; specialty=&#8221;off&#8221; transparent_background=&#8221;off&#8221; background_color=&#8221;#a0bc56&#8243; inner_shadow=&#8221;off&#8221; parallax=&#8221;off&#8221; parallax_method=&#8221;off&#8221;][et_pb_fullwidth_header admin_label=&#8221;Fullwidth Header&#8221; title=&#8221;L\u00e4r dig genom att spela&#8221; background_layout=&#8221;dark&#8221; text_orientation=&#8221;left&#8221; subhead=&#8221;N\u00e4stan alla tycker att det roligaste som finns \u00e4r att SPELA schack! Men det \u00e4r sv\u00e5rt att h\u00e5lla reda p\u00e5 alla pj\u00e4ser n\u00e4r man \u00e4r nyb\u00f6rjare. Det \u00e4r d\u00e4rf\u00f6r b\u00e4ttre att tr\u00e4na p\u00e5 en pj\u00e4s i taget! H\u00e4r f\u00e5r du steg f\u00f6r steg l\u00e4ra dig att spela schack genom olika \u201dminigames\u201d.&#8221; \/][\/et_pb_section][et_pb_section fullwidth=&#8221;off&#8221; specialty=&#8221;off&#8221; transparent_background=&#8221;off&#8221; background_color=&#8221;#45721f&#8221; inner_shadow=&#8221;off&#8221; parallax=&#8221;off&#8221; parallax_method=&#8221;off&#8221;][et_pb_row][et_pb_column type=&#8221;1_2&#8243;][et_pb_text admin_label=&#8221;Spel&#8221; background_layout=&#8221;light&#8221; text_orientation=&#8221;left&#8221;]<\/p>\n<p>\n<chessalpha><\/chessalpha><br \/>\n<script src=\"http:\/\/chessalpha.schack.se\/schacknatet\/minispel-4.js\"><\/script>\n<\/p>\n<p>[\/et_pb_text][\/et_pb_column][et_pb_column type=&#8221;1_4&#8243;][et_pb_text admin_label=&#8221;Text&#8221; background_layout=&#8221;dark&#8221; text_orientation=&#8221;left&#8221;]<\/p>\n<h2>Bondeschack med l\u00f6pare och springare<\/h2>\n<p><em>Bondeschack med l\u00f6pare och springare <\/em>spelas precis som Bondeschack, men med skillnaden att spelarna har vars tv\u00e5 l\u00f6pare och tv\u00e5 springare. L\u00f6paren g\u00e5r som ett kryss, p\u00e5 diagonalerna, hur l\u00e5ngt den vill. Springaren g\u00e5r som ett L, tv\u00e5 steg fram och ett \u00e5t sidan. Springaren \u00e4r den enda pj\u00e4sen som f\u00e5r hoppa \u00f6ver andra pj\u00e4ser.[\/et_pb_text][\/et_pb_column][et_pb_column type=&#8221;1_4&#8243;][et_pb_sidebar admin_label=&#8221;Sidebar&#8221; orientation=&#8221;right&#8221; area=&#8221;sidebar-1&#8243; background_layout=&#8221;dark&#8221; \/][\/et_pb_column][\/et_pb_row][\/et_pb_section]<\/p>\n","protected":false},"excerpt":{"rendered":"<p>[et_pb_section fullwidth=&#8221;on&#8221; specialty=&#8221;off&#8221; transparent_background=&#8221;off&#8221; background_color=&#8221;#a0bc56&#8243; inner_shadow=&#8221;off&#8221; parallax=&#8221;off&#8221; parallax_method=&#8221;off&#8221;][et_pb_fullwidth_header admin_label=&#8221;Fullwidth Header&#8221; title=&#8221;L\u00e4r dig genom att spela&#8221; background_layout=&#8221;dark&#8221; text_orientation=&#8221;left&#8221; subhead=&#8221;N\u00e4stan alla tycker att det roligaste som finns \u00e4r att SPELA schack! Men det \u00e4r sv\u00e5rt att h\u00e5lla reda p\u00e5 alla pj\u00e4ser n\u00e4r man \u00e4r nyb\u00f6rjare. Det \u00e4r d\u00e4rf\u00f6r b\u00e4ttre att tr\u00e4na p\u00e5 en pj\u00e4s i taget! H\u00e4r [&hellip;]<\/p>\n","protected":false},"author":2,"featured_media":0,"parent":351,"menu_order":5,"comment_status":"open","ping_status":"open","template":"","meta":{"footnotes":""},"class_list":["post-362","page","type-page","status-publish","hentry"],"_links":{"self":[{"href":"https:\/\/schackslottet.se\/index.php?rest_route=\/wp\/v2\/pages\/362","targetHints":{"allow":["GET"]}}],"collection":[{"href":"https:\/\/schackslottet.se\/index.php?rest_route=\/wp\/v2\/pages"}],"about":[{"href":"https:\/\/schackslottet.se\/index.php?rest_route=\/wp\/v2\/types\/page"}],"author":[{"embeddable":true,"href":"https:\/\/schackslottet.se\/index.php?rest_route=\/wp\/v2\/users\/2"}],"replies":[{"embeddable":true,"href":"https:\/\/schackslottet.se\/index.php?rest_route=%2Fwp%2Fv2%2Fcomments&post=362"}],"version-history":[{"count":20,"href":"https:\/\/schackslottet.se\/index.php?rest_route=\/wp\/v2\/pages\/362\/revisions"}],"predecessor-version":[{"id":940,"href":"https:\/\/schackslottet.se\/index.php?rest_route=\/wp\/v2\/pages\/362\/revisions\/940"}],"up":[{"embeddable":true,"href":"https:\/\/schackslottet.se\/index.php?rest_route=\/wp\/v2\/pages\/351"}],"wp:attachment":[{"href":"https:\/\/schackslottet.se\/index.php?rest_route=%2Fwp%2Fv2%2Fmedia&parent=362"}],"curies":[{"name":"wp","href":"https:\/\/api.w.org\/{rel}","templated":true}]}}