{"id":364,"date":"2015-01-05T16:28:32","date_gmt":"2015-01-05T15:28:32","guid":{"rendered":"http:\/\/schackslottet.schack.se\/?page_id=364"},"modified":"2015-02-16T18:24:34","modified_gmt":"2015-02-16T17:24:34","slug":"sla-kungen","status":"publish","type":"page","link":"https:\/\/schackslottet.se\/?page_id=364","title":{"rendered":"Sl\u00e5 kungen"},"content":{"rendered":"<p>[et_pb_section fullwidth=&#8221;on&#8221; specialty=&#8221;off&#8221; transparent_background=&#8221;off&#8221; background_color=&#8221;#a0bc56&#8243; inner_shadow=&#8221;off&#8221; parallax=&#8221;off&#8221; parallax_method=&#8221;off&#8221;][et_pb_fullwidth_header admin_label=&#8221;Fullwidth Header&#8221; title=&#8221;L\u00e4r dig genom att spela&#8221; background_layout=&#8221;dark&#8221; text_orientation=&#8221;left&#8221; subhead=&#8221;N\u00e4stan alla tycker att det roligaste som finns \u00e4r att SPELA schack! Men det \u00e4r sv\u00e5rt att h\u00e5lla reda p\u00e5 alla pj\u00e4ser n\u00e4r man \u00e4r nyb\u00f6rjare. Det \u00e4r d\u00e4rf\u00f6r b\u00e4ttre att tr\u00e4na p\u00e5 en pj\u00e4s i taget! H\u00e4r f\u00e5r du steg f\u00f6r steg l\u00e4ra dig att spela schack genom olika \u201dminigames\u201d.&#8221; \/][\/et_pb_section][et_pb_section fullwidth=&#8221;off&#8221; specialty=&#8221;off&#8221; transparent_background=&#8221;off&#8221; background_color=&#8221;#45721f&#8221; inner_shadow=&#8221;off&#8221; parallax=&#8221;off&#8221; parallax_method=&#8221;off&#8221;][et_pb_row][et_pb_column type=&#8221;1_2&#8243;][et_pb_text admin_label=&#8221;Spel&#8221; background_layout=&#8221;light&#8221; text_orientation=&#8221;left&#8221;]<\/p>\n<p>\n<chessalpha><\/chessalpha><br \/>\n<script src=\"http:\/\/chessalpha.schack.se\/schacknatet\/minispel-5.js\"><\/script>\n<\/p>\n<p>[\/et_pb_text][\/et_pb_column][et_pb_column type=&#8221;1_4&#8243;][et_pb_text admin_label=&#8221;Text&#8221; background_layout=&#8221;dark&#8221; text_orientation=&#8221;left&#8221;]<\/p>\n<h2>Sl\u00e5 kungen<\/h2>\n<p>I <em>Sl\u00e5 kungen<\/em> spelar man med alla de vanliga schackreglerna, men utan schackmatt. Det betyder att den vinner som f\u00f6rst sl\u00e5r ut motst\u00e5ndarens kung. Den nya pj\u00e4sen som nu presenteras \u00e4r damen. Den f\u00e5r g\u00e5 b\u00e5de som ett plustecken och som ett kryss, hur l\u00e5ngt den vill.[\/et_pb_text][\/et_pb_column][et_pb_column type=&#8221;1_4&#8243;][et_pb_sidebar admin_label=&#8221;Sidebar&#8221; orientation=&#8221;right&#8221; area=&#8221;sidebar-1&#8243; background_layout=&#8221;dark&#8221; \/][\/et_pb_column][\/et_pb_row][\/et_pb_section]<\/p>\n","protected":false},"excerpt":{"rendered":"<p>[et_pb_section fullwidth=&#8221;on&#8221; specialty=&#8221;off&#8221; transparent_background=&#8221;off&#8221; background_color=&#8221;#a0bc56&#8243; inner_shadow=&#8221;off&#8221; parallax=&#8221;off&#8221; parallax_method=&#8221;off&#8221;][et_pb_fullwidth_header admin_label=&#8221;Fullwidth Header&#8221; title=&#8221;L\u00e4r dig genom att spela&#8221; background_layout=&#8221;dark&#8221; text_orientation=&#8221;left&#8221; subhead=&#8221;N\u00e4stan alla tycker att det roligaste som finns \u00e4r att SPELA schack! Men det \u00e4r sv\u00e5rt att h\u00e5lla reda p\u00e5 alla pj\u00e4ser n\u00e4r man \u00e4r nyb\u00f6rjare. Det \u00e4r d\u00e4rf\u00f6r b\u00e4ttre att tr\u00e4na p\u00e5 en pj\u00e4s i taget! H\u00e4r [&hellip;]<\/p>\n","protected":false},"author":2,"featured_media":0,"parent":351,"menu_order":6,"comment_status":"open","ping_status":"open","template":"","meta":{"footnotes":""},"class_list":["post-364","page","type-page","status-publish","hentry"],"_links":{"self":[{"href":"https:\/\/schackslottet.se\/index.php?rest_route=\/wp\/v2\/pages\/364","targetHints":{"allow":["GET"]}}],"collection":[{"href":"https:\/\/schackslottet.se\/index.php?rest_route=\/wp\/v2\/pages"}],"about":[{"href":"https:\/\/schackslottet.se\/index.php?rest_route=\/wp\/v2\/types\/page"}],"author":[{"embeddable":true,"href":"https:\/\/schackslottet.se\/index.php?rest_route=\/wp\/v2\/users\/2"}],"replies":[{"embeddable":true,"href":"https:\/\/schackslottet.se\/index.php?rest_route=%2Fwp%2Fv2%2Fcomments&post=364"}],"version-history":[{"count":22,"href":"https:\/\/schackslottet.se\/index.php?rest_route=\/wp\/v2\/pages\/364\/revisions"}],"predecessor-version":[{"id":918,"href":"https:\/\/schackslottet.se\/index.php?rest_route=\/wp\/v2\/pages\/364\/revisions\/918"}],"up":[{"embeddable":true,"href":"https:\/\/schackslottet.se\/index.php?rest_route=\/wp\/v2\/pages\/351"}],"wp:attachment":[{"href":"https:\/\/schackslottet.se\/index.php?rest_route=%2Fwp%2Fv2%2Fmedia&parent=364"}],"curies":[{"name":"wp","href":"https:\/\/api.w.org\/{rel}","templated":true}]}}