{"id":403,"date":"2015-01-06T12:46:37","date_gmt":"2015-01-06T11:46:37","guid":{"rendered":"http:\/\/schackslottet.schack.se\/?page_id=403"},"modified":"2016-01-07T14:43:52","modified_gmt":"2016-01-07T13:43:52","slug":"ta-om-det-ar-gratis","status":"publish","type":"page","link":"https:\/\/schackslottet.se\/?page_id=403","title":{"rendered":"Ta om det \u00e4r gratis"},"content":{"rendered":"<p>[et_pb_section admin_label=&#8221;section&#8221; fullwidth=&#8221;on&#8221; specialty=&#8221;off&#8221; transparent_background=&#8221;off&#8221; background_color=&#8221;#a0bc56&#8243; inner_shadow=&#8221;off&#8221; parallax=&#8221;off&#8221; parallax_method=&#8221;off&#8221;][et_pb_fullwidth_header admin_label=&#8221;Fullwidth Header&#8221; title=&#8221;De 10 B\u00e4sta knepen&#8221; subhead=&#8221;Det h\u00e4r \u00e4r en serie om 10 filmer i vilka du f\u00e5r l\u00e4ra dig de b\u00e4sta tricksen n\u00e4r du ska vara med i Schack4an. Programledare \u00e4r Jesper och Elin, 42 respektive 10 \u00e5r gamla. Efter varje film kan du l\u00f6sa schackuppgifter p\u00e5 temat de gick igenom. &#8221; background_layout=&#8221;dark&#8221; text_orientation=&#8221;left&#8221;]<\/p>\n<p>[\/et_pb_fullwidth_header][\/et_pb_section][et_pb_section admin_label=&#8221;section&#8221; transparent_background=&#8221;off&#8221; background_color=&#8221;#45721f&#8221; inner_shadow=&#8221;off&#8221; parallax=&#8221;off&#8221; parallax_method=&#8221;off&#8221;][et_pb_row admin_label=&#8221;row&#8221;][et_pb_column type=&#8221;3_4&#8243;][et_pb_video admin_label=&#8221;Video&#8221; src=&#8221;https:\/\/www.youtube.com\/watch?v=c83glMP-GX0&#8243; image_src=&#8221;http:\/\/schackslottet.schack.se\/wp-content\/uploads\/2015\/01\/de-10-baesta-knepen-01.jpg&#8221;]<\/p>\n<p>[\/et_pb_video][et_pb_text admin_label=&#8221;Text&#8221; background_layout=&#8221;dark&#8221; text_orientation=&#8221;left&#8221; text_font_size=&#8221;14&#8243; use_border_color=&#8221;off&#8221; border_color=&#8221;#ffffff&#8221; border_style=&#8221;solid&#8221;]<\/p>\n<p>V\u00e4rldens b\u00e4sta schackknep \u00e4r \u201dTa om det \u00e4r gratis\u201d! Missa inte denna film!<\/p>\n<p>[\/et_pb_text][\/et_pb_column][et_pb_column type=&#8221;1_4&#8243;][et_pb_sidebar admin_label=&#8221;Sidebar&#8221; orientation=&#8221;right&#8221; area=&#8221;sidebar-1&#8243; background_layout=&#8221;dark&#8221; remove_border=&#8221;off&#8221; header_font_size=&#8221;18&#8243; body_font_size=&#8221;14&#8243;]<\/p>\n<p>[\/et_pb_sidebar][\/et_pb_column][\/et_pb_row][\/et_pb_section][et_pb_section admin_label=&#8221;section&#8221; fullwidth=&#8221;off&#8221; specialty=&#8221;off&#8221; transparent_background=&#8221;off&#8221; background_color=&#8221;#a0bc56&#8243; inner_shadow=&#8221;off&#8221; parallax=&#8221;off&#8221; parallax_method=&#8221;off&#8221; allow_player_pause=&#8221;off&#8221; padding_mobile=&#8221;off&#8221; make_fullwidth=&#8221;off&#8221; use_custom_width=&#8221;off&#8221; width_unit=&#8221;on&#8221; make_equal=&#8221;off&#8221; use_custom_gutter=&#8221;off&#8221; gutter_width=&#8221;3&#8243; custom_padding=&#8221;0px|0px|0px|0px&#8221;][et_pb_row admin_label=&#8221;row&#8221; make_fullwidth=&#8221;on&#8221; use_custom_width=&#8221;off&#8221; width_unit=&#8221;on&#8221; use_custom_gutter=&#8221;off&#8221; gutter_width=&#8221;3&#8243; padding_mobile=&#8221;off&#8221; background_color=&#8221;#a0bc56&#8243; allow_player_pause=&#8221;off&#8221; parallax=&#8221;off&#8221; parallax_method=&#8221;off&#8221; make_equal=&#8221;off&#8221; parallax_1=&#8221;off&#8221; parallax_method_1=&#8221;off&#8221; column_padding_mobile=&#8221;on&#8221; custom_padding=&#8221;0px|0px|0px|0px&#8221; custom_margin=&#8221;0px|0px|0px|0px&#8221; padding_top_1=&#8221;0px&#8221; padding_right_1=&#8221;0px&#8221; padding_bottom_1=&#8221;0px&#8221; padding_left_1=&#8221;0px&#8221;][et_pb_column type=&#8221;4_4&#8243;][et_pb_text admin_label=&#8221;Schackuppgift&#8221; background_layout=&#8221;light&#8221; text_orientation=&#8221;left&#8221; text_font_size=&#8221;14&#8243; use_border_color=&#8221;off&#8221; border_color=&#8221;#ffffff&#8221; border_style=&#8221;solid&#8221; max_width=&#8221;100%&#8221; custom_margin=&#8221;0px|0px|0px|0px&#8221; custom_padding=&#8221;0px|0px|0px|0px&#8221;]<\/p>\n<p><iframe loading=\"lazy\" allowtransparency=\"true\" frameborder=\"0\" scrolling=\"no\" src=\"http:\/\/editor.schack.se\/collection\/preview\/57397d231591ab52434e5744\" height=\"800px\" width=\"100%\" style=\"overflow:hidden;\"><\/iframe><\/p>\n<p>[\/et_pb_text][\/et_pb_column][\/et_pb_row][\/et_pb_section]<\/p>\n","protected":false},"excerpt":{"rendered":"<p>[et_pb_section admin_label=&#8221;section&#8221; fullwidth=&#8221;on&#8221; specialty=&#8221;off&#8221; transparent_background=&#8221;off&#8221; background_color=&#8221;#a0bc56&#8243; inner_shadow=&#8221;off&#8221; parallax=&#8221;off&#8221; parallax_method=&#8221;off&#8221;][et_pb_fullwidth_header admin_label=&#8221;Fullwidth Header&#8221; title=&#8221;De 10 B\u00e4sta knepen&#8221; subhead=&#8221;Det h\u00e4r \u00e4r en serie om 10 filmer i vilka du f\u00e5r l\u00e4ra dig de b\u00e4sta tricksen n\u00e4r du ska vara med i Schack4an. Programledare \u00e4r Jesper och Elin, 42 respektive 10 \u00e5r gamla. Efter varje film kan du l\u00f6sa [&hellip;]<\/p>\n","protected":false},"author":2,"featured_media":0,"parent":396,"menu_order":2,"comment_status":"open","ping_status":"open","template":"","meta":{"footnotes":""},"class_list":["post-403","page","type-page","status-publish","hentry"],"_links":{"self":[{"href":"https:\/\/schackslottet.se\/index.php?rest_route=\/wp\/v2\/pages\/403","targetHints":{"allow":["GET"]}}],"collection":[{"href":"https:\/\/schackslottet.se\/index.php?rest_route=\/wp\/v2\/pages"}],"about":[{"href":"https:\/\/schackslottet.se\/index.php?rest_route=\/wp\/v2\/types\/page"}],"author":[{"embeddable":true,"href":"https:\/\/schackslottet.se\/index.php?rest_route=\/wp\/v2\/users\/2"}],"replies":[{"embeddable":true,"href":"https:\/\/schackslottet.se\/index.php?rest_route=%2Fwp%2Fv2%2Fcomments&post=403"}],"version-history":[{"count":44,"href":"https:\/\/schackslottet.se\/index.php?rest_route=\/wp\/v2\/pages\/403\/revisions"}],"predecessor-version":[{"id":408,"href":"https:\/\/schackslottet.se\/index.php?rest_route=\/wp\/v2\/pages\/403\/revisions\/408"}],"up":[{"embeddable":true,"href":"https:\/\/schackslottet.se\/index.php?rest_route=\/wp\/v2\/pages\/396"}],"wp:attachment":[{"href":"https:\/\/schackslottet.se\/index.php?rest_route=%2Fwp%2Fv2%2Fmedia&parent=403"}],"curies":[{"name":"wp","href":"https:\/\/api.w.org\/{rel}","templated":true}]}}