{"id":461,"date":"2015-01-06T13:34:19","date_gmt":"2015-01-06T12:34:19","guid":{"rendered":"http:\/\/schackslottet.schack.se\/?page_id=461"},"modified":"2015-01-09T14:52:52","modified_gmt":"2015-01-09T13:52:52","slug":"ett-bra-satt-att-borja-ett-parti","status":"publish","type":"page","link":"https:\/\/schackslottet.se\/?page_id=461","title":{"rendered":"Ett bra s\u00e4tt att b\u00f6rja ett parti"},"content":{"rendered":"<p>[et_pb_section fullwidth=&#8221;on&#8221; specialty=&#8221;off&#8221; transparent_background=&#8221;off&#8221; background_color=&#8221;#a0bc56&#8243; inner_shadow=&#8221;off&#8221; parallax=&#8221;off&#8221; parallax_method=&#8221;off&#8221;][et_pb_fullwidth_header admin_label=&#8221;Fullwidth Header&#8221; title=&#8221;De 10 B\u00e4sta knepen&#8221; subhead=&#8221;Det h\u00e4r \u00e4r en serie om 10 filmer i vilka du f\u00e5r l\u00e4ra dig de b\u00e4sta tricksen n\u00e4r du ska vara med i Schack4an. Programledare \u00e4r Jesper och Elin, 42 respektive 10 \u00e5r gamla. Efter varje film kan du l\u00f6sa schackuppgifter p\u00e5 temat de gick igenom. &#8221; background_layout=&#8221;dark&#8221; text_orientation=&#8221;left&#8221; \/][\/et_pb_section][et_pb_section transparent_background=&#8221;off&#8221; background_color=&#8221;#45721f&#8221; inner_shadow=&#8221;off&#8221; parallax=&#8221;off&#8221; parallax_method=&#8221;off&#8221;][et_pb_row][et_pb_column type=&#8221;3_4&#8243;][et_pb_video admin_label=&#8221;Video&#8221; src=&#8221;https:\/\/www.youtube.com\/watch?v=ucduMwMZiV0&#8243; image_src=&#8221;http:\/\/schackslottet.schack.se\/wp-content\/uploads\/2015\/01\/de-10-baesta-knepen-09.jpg&#8221; \/][et_pb_text admin_label=&#8221;Text&#8221; background_layout=&#8221;dark&#8221; text_orientation=&#8221;left&#8221;]<\/p>\n<p>H\u00e4r f\u00e5r du l\u00e4ra dig hur man ska t\u00e4nka i b\u00f6rjan av ett schackparti s\u00e5 man f\u00e5r en bra start, en s\u00e5 kallad <em>schack\u00f6ppning<\/em>.<\/p>\n<p>[\/et_pb_text][\/et_pb_column][et_pb_column type=&#8221;1_4&#8243;][et_pb_sidebar admin_label=&#8221;Sidebar&#8221; orientation=&#8221;right&#8221; area=&#8221;sidebar-1&#8243; background_layout=&#8221;dark&#8221; \/][\/et_pb_column][\/et_pb_row][\/et_pb_section][et_pb_section fullwidth=&#8221;off&#8221; specialty=&#8221;off&#8221; transparent_background=&#8221;off&#8221; background_color=&#8221;#ffffff&#8221; inner_shadow=&#8221;off&#8221; parallax=&#8221;off&#8221; parallax_method=&#8221;off&#8221;][et_pb_row][et_pb_column type=&#8221;4_4&#8243;][et_pb_text admin_label=&#8221;Schackuppgifter&#8221; background_layout=&#8221;light&#8221; text_orientation=&#8221;left&#8221;]<iframe loading=\"lazy\" style=\"height: 1280px; width: 100%;\" src=\"http:\/\/www.schack.se\/demo\/schacknatet\/\" width=\"300\" height=\"150\" scrolling=\"auto\"><\/iframe>[\/et_pb_text][\/et_pb_column][\/et_pb_row][\/et_pb_section]<\/p>\n","protected":false},"excerpt":{"rendered":"<p>[et_pb_section fullwidth=&#8221;on&#8221; specialty=&#8221;off&#8221; transparent_background=&#8221;off&#8221; background_color=&#8221;#a0bc56&#8243; inner_shadow=&#8221;off&#8221; parallax=&#8221;off&#8221; parallax_method=&#8221;off&#8221;][et_pb_fullwidth_header admin_label=&#8221;Fullwidth Header&#8221; title=&#8221;De 10 B\u00e4sta knepen&#8221; subhead=&#8221;Det h\u00e4r \u00e4r en serie om 10 filmer i vilka du f\u00e5r l\u00e4ra dig de b\u00e4sta tricksen n\u00e4r du ska vara med i Schack4an. Programledare \u00e4r Jesper och Elin, 42 respektive 10 \u00e5r gamla. Efter varje film kan du l\u00f6sa schackuppgifter [&hellip;]<\/p>\n","protected":false},"author":2,"featured_media":0,"parent":396,"menu_order":10,"comment_status":"open","ping_status":"open","template":"","meta":{"footnotes":""},"class_list":["post-461","page","type-page","status-publish","hentry"],"_links":{"self":[{"href":"https:\/\/schackslottet.se\/index.php?rest_route=\/wp\/v2\/pages\/461","targetHints":{"allow":["GET"]}}],"collection":[{"href":"https:\/\/schackslottet.se\/index.php?rest_route=\/wp\/v2\/pages"}],"about":[{"href":"https:\/\/schackslottet.se\/index.php?rest_route=\/wp\/v2\/types\/page"}],"author":[{"embeddable":true,"href":"https:\/\/schackslottet.se\/index.php?rest_route=\/wp\/v2\/users\/2"}],"replies":[{"embeddable":true,"href":"https:\/\/schackslottet.se\/index.php?rest_route=%2Fwp%2Fv2%2Fcomments&post=461"}],"version-history":[{"count":11,"href":"https:\/\/schackslottet.se\/index.php?rest_route=\/wp\/v2\/pages\/461\/revisions"}],"predecessor-version":[{"id":772,"href":"https:\/\/schackslottet.se\/index.php?rest_route=\/wp\/v2\/pages\/461\/revisions\/772"}],"up":[{"embeddable":true,"href":"https:\/\/schackslottet.se\/index.php?rest_route=\/wp\/v2\/pages\/396"}],"wp:attachment":[{"href":"https:\/\/schackslottet.se\/index.php?rest_route=%2Fwp%2Fv2%2Fmedia&parent=461"}],"curies":[{"name":"wp","href":"https:\/\/api.w.org\/{rel}","templated":true}]}}