{"id":776,"date":"2015-01-09T14:54:52","date_gmt":"2015-01-09T13:54:52","guid":{"rendered":"http:\/\/schackslottet.schack.se\/?page_id=776"},"modified":"2015-01-09T15:48:32","modified_gmt":"2015-01-09T14:48:32","slug":"om-fritz-felix","status":"publish","type":"page","link":"https:\/\/schackslottet.se\/?page_id=776","title":{"rendered":"Om Fritz &#038; Felix"},"content":{"rendered":"<p>[et_pb_section fullwidth=&#8221;on&#8221; specialty=&#8221;off&#8221; background_image=&#8221;http:\/\/fritzochfelix.chessbase.com\/\/img\/bg.jpg&#8221; transparent_background=&#8221;off&#8221; background_color=&#8221;#ffffff&#8221; inner_shadow=&#8221;on&#8221; parallax=&#8221;on&#8221; parallax_method=&#8221;on&#8221;][et_pb_fullwidth_slider admin_label=&#8221;Fullwidth Slider&#8221; show_arrows=&#8221;off&#8221; show_pagination=&#8221;off&#8221; auto=&#8221;off&#8221; parallax=&#8221;on&#8221; parallax_method=&#8221;on&#8221;][et_pb_slide alignment=&#8221;center&#8221; background_layout=&#8221;dark&#8221; background_image=&#8221;http:\/\/schackslottet.schack.se\/wp-content\/uploads\/2015\/01\/fritz-felix-image-02.jpg&#8221; background_color=&#8221;#ffffff&#8221; \/][\/et_pb_fullwidth_slider][\/et_pb_section][et_pb_section fullwidth=&#8221;off&#8221; specialty=&#8221;off&#8221; transparent_background=&#8221;off&#8221; background_color=&#8221;#6ca62e&#8221; inner_shadow=&#8221;off&#8221; parallax=&#8221;off&#8221; parallax_method=&#8221;off&#8221;][et_pb_row][et_pb_column type=&#8221;3_4&#8243;][et_pb_text admin_label=&#8221;Text&#8221; background_layout=&#8221;dark&#8221; text_orientation=&#8221;left&#8221;]<\/p>\n<h2>Om Fritz &amp; Felix<\/h2>\n<p><img loading=\"lazy\" decoding=\"async\" class=\"alignright size-medium wp-image-810\" src=\"http:\/\/schackslottet.schack.se\/wp-content\/uploads\/2015\/01\/fritz-felix-image-01-380x380.jpg\" alt=\"fritz-felix-image-01\" width=\"380\" height=\"380\" srcset=\"https:\/\/schackslottet.se\/wp-content\/uploads\/2015\/01\/fritz-felix-image-01-380x380.jpg 380w, https:\/\/schackslottet.se\/wp-content\/uploads\/2015\/01\/fritz-felix-image-01-150x150.jpg 150w, https:\/\/schackslottet.se\/wp-content\/uploads\/2015\/01\/fritz-felix-image-01.jpg 506w\" sizes=\"auto, (max-width: 380px) 100vw, 380px\" \/>Fritz och Felix \u00e4r ett schack\u00e4ventyr d\u00e4r du f\u00e5r l\u00e4ra dig spela schack p\u00e5 ett riktigt kul s\u00e4tt! Bakgrunden \u00e4r att prins Felix f\u00f6r\u00e4ldrar Kung vit och Drottning vit \u00e5kt p\u00e5 semester. D\u00e5 passar Kung Svart p\u00e5 att utmana p\u00e5 duell i form av ett schackparti. Felix f\u00e5r ta upp den kastade handsken och med hj\u00e4lp av sina v\u00e4nner prinsessan Bianca och r\u00e5ttan Robert tr\u00e4nar han blandat p\u00e5 hj\u00e4rngymmet f\u00f6r att komma i form. Spelet har vunnit m\u00e5nga utm\u00e4rkelser och priser!<\/p>\n<p>\u00a0<\/p>\n<p>\u00a0<\/p>\n<p>\u00a0<\/p>\n<p>\u00a0<\/p>\n<p>\u00a0<\/p>\n<p>\u00a0<\/p>\n<p>\u00a0<\/p>\n<p>\u00a0<\/p>\n<p>\u00a0<\/p>\n<p>\u00a0<\/p>\n<p>[\/et_pb_text][\/et_pb_column][et_pb_column type=&#8221;1_4&#8243;][et_pb_sidebar admin_label=&#8221;Sidebar&#8221; orientation=&#8221;left&#8221; area=&#8221;sidebar-1&#8243; background_layout=&#8221;dark&#8221; \/][\/et_pb_column][\/et_pb_row][\/et_pb_section][et_pb_section fullwidth=&#8221;on&#8221; specialty=&#8221;off&#8221; background_image=&#8221;http:\/\/fritzochfelix.chessbase.com\/\/img\/bg.jpg&#8221; transparent_background=&#8221;off&#8221; background_color=&#8221;#ffffff&#8221; inner_shadow=&#8221;on&#8221; parallax=&#8221;on&#8221; parallax_method=&#8221;on&#8221;][et_pb_fullwidth_slider admin_label=&#8221;Fullwidth Slider&#8221; show_arrows=&#8221;off&#8221; show_pagination=&#8221;off&#8221; auto=&#8221;off&#8221; parallax=&#8221;on&#8221; parallax_method=&#8221;on&#8221;][et_pb_slide alignment=&#8221;center&#8221; background_layout=&#8221;dark&#8221; background_image=&#8221;http:\/\/fritzochfelix.chessbase.com\/\/img\/bg.jpg&#8221; background_color=&#8221;#ffffff&#8221; \/][\/et_pb_fullwidth_slider][\/et_pb_section]<\/p>\n","protected":false},"excerpt":{"rendered":"<p>[et_pb_section fullwidth=&#8221;on&#8221; specialty=&#8221;off&#8221; background_image=&#8221;http:\/\/fritzochfelix.chessbase.com\/\/img\/bg.jpg&#8221; transparent_background=&#8221;off&#8221; background_color=&#8221;#ffffff&#8221; inner_shadow=&#8221;on&#8221; parallax=&#8221;on&#8221; parallax_method=&#8221;on&#8221;][et_pb_fullwidth_slider admin_label=&#8221;Fullwidth Slider&#8221; show_arrows=&#8221;off&#8221; show_pagination=&#8221;off&#8221; auto=&#8221;off&#8221; parallax=&#8221;on&#8221; parallax_method=&#8221;on&#8221;][et_pb_slide alignment=&#8221;center&#8221; background_layout=&#8221;dark&#8221; background_image=&#8221;http:\/\/schackslottet.schack.se\/wp-content\/uploads\/2015\/01\/fritz-felix-image-02.jpg&#8221; background_color=&#8221;#ffffff&#8221; \/][\/et_pb_fullwidth_slider][\/et_pb_section][et_pb_section fullwidth=&#8221;off&#8221; specialty=&#8221;off&#8221; transparent_background=&#8221;off&#8221; background_color=&#8221;#6ca62e&#8221; inner_shadow=&#8221;off&#8221; parallax=&#8221;off&#8221; parallax_method=&#8221;off&#8221;][et_pb_row][et_pb_column type=&#8221;3_4&#8243;][et_pb_text admin_label=&#8221;Text&#8221; background_layout=&#8221;dark&#8221; text_orientation=&#8221;left&#8221;] Om Fritz &amp; Felix Fritz och Felix \u00e4r ett schack\u00e4ventyr d\u00e4r du f\u00e5r l\u00e4ra dig spela schack p\u00e5 ett riktigt kul s\u00e4tt! Bakgrunden [&hellip;]<\/p>\n","protected":false},"author":2,"featured_media":0,"parent":778,"menu_order":0,"comment_status":"open","ping_status":"open","template":"","meta":{"footnotes":""},"class_list":["post-776","page","type-page","status-publish","hentry"],"_links":{"self":[{"href":"https:\/\/schackslottet.se\/index.php?rest_route=\/wp\/v2\/pages\/776","targetHints":{"allow":["GET"]}}],"collection":[{"href":"https:\/\/schackslottet.se\/index.php?rest_route=\/wp\/v2\/pages"}],"about":[{"href":"https:\/\/schackslottet.se\/index.php?rest_route=\/wp\/v2\/types\/page"}],"author":[{"embeddable":true,"href":"https:\/\/schackslottet.se\/index.php?rest_route=\/wp\/v2\/users\/2"}],"replies":[{"embeddable":true,"href":"https:\/\/schackslottet.se\/index.php?rest_route=%2Fwp%2Fv2%2Fcomments&post=776"}],"version-history":[{"count":31,"href":"https:\/\/schackslottet.se\/index.php?rest_route=\/wp\/v2\/pages\/776\/revisions"}],"predecessor-version":[{"id":820,"href":"https:\/\/schackslottet.se\/index.php?rest_route=\/wp\/v2\/pages\/776\/revisions\/820"}],"up":[{"embeddable":true,"href":"https:\/\/schackslottet.se\/index.php?rest_route=\/wp\/v2\/pages\/778"}],"wp:attachment":[{"href":"https:\/\/schackslottet.se\/index.php?rest_route=%2Fwp%2Fv2%2Fmedia&parent=776"}],"curies":[{"name":"wp","href":"https:\/\/api.w.org\/{rel}","templated":true}]}}