{"id":958,"date":"2015-04-16T11:09:51","date_gmt":"2015-04-16T09:09:51","guid":{"rendered":"http:\/\/schackslottet.se\/?page_id=958"},"modified":"2015-05-04T10:49:18","modified_gmt":"2015-05-04T08:49:18","slug":"schacktestet","status":"publish","type":"page","link":"https:\/\/schackslottet.se\/?page_id=958","title":{"rendered":"Schack4antestet"},"content":{"rendered":"<p>[et_pb_section transparent_background=&#8221;off&#8221; background_color=&#8221;#a0bc56&#8243; inner_shadow=&#8221;off&#8221; parallax=&#8221;off&#8221; parallax_method=&#8221;off&#8221;][et_pb_row][et_pb_column type=&#8221;4_4&#8243;][et_pb_text admin_label=&#8221;Text&#8221; background_layout=&#8221;dark&#8221; text_orientation=&#8221;left&#8221;]<\/p>\n<h2>\u00c4r du redo f\u00f6r Schack4an?<\/h2>\n<p>G\u00f6r v\u00e5rt test och se! Schack4an-testet har st\u00e4llningar fr\u00e5n de \u201dDe tio b\u00e4sta knepen n\u00e4r du ska vara med i Schack4an\u201d. N\u00e4r du l\u00f6st alla uppgifterna i testet kommer du att f\u00e5 reda p\u00e5 om du \u00e4r redo f\u00f6r t\u00e4vlingarna, eller om du beh\u00f6ver tr\u00e4na mer p\u00e5 vissa av knepen. Lycka till![\/et_pb_text][\/et_pb_column][\/et_pb_row][\/et_pb_section][et_pb_section fullwidth=&#8221;off&#8221; specialty=&#8221;off&#8221; transparent_background=&#8221;off&#8221; background_color=&#8221;#45721f&#8221; inner_shadow=&#8221;off&#8221; parallax=&#8221;off&#8221; parallax_method=&#8221;off&#8221;][et_pb_row][et_pb_column type=&#8221;4_4&#8243;][et_pb_text admin_label=&#8221;Text&#8221; background_layout=&#8221;light&#8221; text_orientation=&#8221;left&#8221;]<iframe style=\"height: 660px; width:100%;\" src=\"http:\/\/editor.schack.se\/collection\/preview\/570d54a7ef101f2c0e6668cd\" scrolling=\"no\"><\/iframe>[\/et_pb_text][\/et_pb_column][\/et_pb_row][\/et_pb_section]<\/p>\n","protected":false},"excerpt":{"rendered":"<p>[et_pb_section transparent_background=&#8221;off&#8221; background_color=&#8221;#a0bc56&#8243; inner_shadow=&#8221;off&#8221; parallax=&#8221;off&#8221; parallax_method=&#8221;off&#8221;][et_pb_row][et_pb_column type=&#8221;4_4&#8243;][et_pb_text admin_label=&#8221;Text&#8221; background_layout=&#8221;dark&#8221; text_orientation=&#8221;left&#8221;] \u00c4r du redo f\u00f6r Schack4an? G\u00f6r v\u00e5rt test och se! Schack4an-testet har st\u00e4llningar fr\u00e5n de \u201dDe tio b\u00e4sta knepen n\u00e4r du ska vara med i Schack4an\u201d. N\u00e4r du l\u00f6st alla uppgifterna i testet kommer du att f\u00e5 reda p\u00e5 om du \u00e4r redo f\u00f6r t\u00e4vlingarna, [&hellip;]<\/p>\n","protected":false},"author":2,"featured_media":0,"parent":66,"menu_order":10,"comment_status":"open","ping_status":"open","template":"","meta":{"footnotes":""},"class_list":["post-958","page","type-page","status-publish","hentry"],"_links":{"self":[{"href":"https:\/\/schackslottet.se\/index.php?rest_route=\/wp\/v2\/pages\/958","targetHints":{"allow":["GET"]}}],"collection":[{"href":"https:\/\/schackslottet.se\/index.php?rest_route=\/wp\/v2\/pages"}],"about":[{"href":"https:\/\/schackslottet.se\/index.php?rest_route=\/wp\/v2\/types\/page"}],"author":[{"embeddable":true,"href":"https:\/\/schackslottet.se\/index.php?rest_route=\/wp\/v2\/users\/2"}],"replies":[{"embeddable":true,"href":"https:\/\/schackslottet.se\/index.php?rest_route=%2Fwp%2Fv2%2Fcomments&post=958"}],"version-history":[{"count":5,"href":"https:\/\/schackslottet.se\/index.php?rest_route=\/wp\/v2\/pages\/958\/revisions"}],"predecessor-version":[{"id":970,"href":"https:\/\/schackslottet.se\/index.php?rest_route=\/wp\/v2\/pages\/958\/revisions\/970"}],"up":[{"embeddable":true,"href":"https:\/\/schackslottet.se\/index.php?rest_route=\/wp\/v2\/pages\/66"}],"wp:attachment":[{"href":"https:\/\/schackslottet.se\/index.php?rest_route=%2Fwp%2Fv2%2Fmedia&parent=958"}],"curies":[{"name":"wp","href":"https:\/\/api.w.org\/{rel}","templated":true}]}}